{"id":6,"date":"2016-05-27T12:37:41","date_gmt":"2016-05-27T10:37:41","guid":{"rendered":"https:\/\/dachysosnowski.pl\/index.php\/o-nas\/"},"modified":"2016-08-08T12:35:57","modified_gmt":"2016-08-08T10:35:57","slug":"hurtownia","status":"publish","type":"page","link":"https:\/\/dachysosnowski.pl\/index.php\/hurtownia\/","title":{"rendered":"Hurtownia"},"content":{"rendered":"<p>[et_pb_section admin_label=&#8221;section&#8221; global_module=&#8221;101&#8243; fullwidth=&#8221;on&#8221; specialty=&#8221;off&#8221; transparent_background=&#8221;off&#8221; allow_player_pause=&#8221;off&#8221; inner_shadow=&#8221;off&#8221; parallax=&#8221;off&#8221; parallax_method=&#8221;off&#8221; padding_mobile=&#8221;off&#8221; make_fullwidth=&#8221;off&#8221; use_custom_width=&#8221;off&#8221; width_unit=&#8221;on&#8221; make_equal=&#8221;off&#8221; use_custom_gutter=&#8221;off&#8221;][et_pb_fullwidth_slider global_parent=&#8221;101&#8243; admin_label=&#8221;Fullwidth Slider&#8221; show_arrows=&#8221;on&#8221; show_pagination=&#8221;on&#8221; auto=&#8221;on&#8221; parallax=&#8221;off&#8221; auto_ignore_hover=&#8221;off&#8221; parallax_method=&#8221;off&#8221; remove_inner_shadow=&#8221;off&#8221; background_position=&#8221;default&#8221; background_size=&#8221;default&#8221; hide_content_on_mobile=&#8221;off&#8221; hide_cta_on_mobile=&#8221;off&#8221; show_image_video_mobile=&#8221;off&#8221; custom_button=&#8221;off&#8221; button_use_icon=&#8221;default&#8221; button_icon_placement=&#8221;right&#8221; button_on_hover=&#8221;on&#8221; button_letter_spacing_hover=&#8221;0&#8243; auto_speed=&#8221;3500&#8243; button_letter_spacing=&#8221;0&#8243; header_font=&#8221;Comfortaa||||&#8221; header_font_size=&#8221;35&#8243;]<\/p>\n<p>[et_pb_slide background_image=&#8221;https:\/\/dachysosnowski.pl\/wp-content\/uploads\/2016\/05\/cottage-768889_1920.jpg&#8221; background_position=&#8221;default&#8221; background_size=&#8221;default&#8221; background_color=&#8221;#ffffff&#8221; use_bg_overlay=&#8221;on&#8221; use_text_overlay=&#8221;off&#8221; alignment=&#8221;center&#8221; background_layout=&#8221;dark&#8221; allow_player_pause=&#8221;off&#8221; text_border_radius=&#8221;3&#8243; header_font_select=&#8221;default&#8221; header_font=&#8221;||||&#8221; body_font_select=&#8221;default&#8221; body_font=&#8221;||||&#8221; custom_button=&#8221;off&#8221; button_font_select=&#8221;default&#8221; button_font=&#8221;||||&#8221; button_use_icon=&#8221;default&#8221; button_icon_placement=&#8221;right&#8221; button_on_hover=&#8221;on&#8221; heading=&#8221;Kompleksowa obs\u0142uga<br \/> budowy i remontu dachu&#8221; bg_overlay_color=&#8221;rgba(0,0,0,0.48)&#8221;]<\/p>\n<p>[\/et_pb_slide][et_pb_slide background_image=&#8221;https:\/\/dachysosnowski.pl\/wp-content\/uploads\/2016\/05\/1.jpg&#8221; background_position=&#8221;default&#8221; background_size=&#8221;default&#8221; background_color=&#8221;#ffffff&#8221; use_bg_overlay=&#8221;on&#8221; use_text_overlay=&#8221;off&#8221; alignment=&#8221;center&#8221; background_layout=&#8221;dark&#8221; allow_player_pause=&#8221;off&#8221; text_border_radius=&#8221;3&#8243; header_font_select=&#8221;default&#8221; header_font=&#8221;||||&#8221; body_font_select=&#8221;default&#8221; body_font=&#8221;||||&#8221; custom_button=&#8221;off&#8221; button_font_select=&#8221;default&#8221; button_font=&#8221;||||&#8221; button_use_icon=&#8221;default&#8221; button_icon_placement=&#8221;right&#8221; button_on_hover=&#8221;on&#8221; heading=&#8221;Kompleksowa obs\u0142uga<br \/> budowy i remontu dachu&#8221; bg_overlay_color=&#8221;rgba(0,0,0,0.48)&#8221;]<\/p>\n<p>[\/et_pb_slide][et_pb_slide background_image=&#8221;https:\/\/dachysosnowski.pl\/wp-content\/uploads\/2016\/05\/5.jpg&#8221; background_position=&#8221;default&#8221; background_size=&#8221;default&#8221; background_color=&#8221;#ffffff&#8221; use_bg_overlay=&#8221;on&#8221; use_text_overlay=&#8221;off&#8221; alignment=&#8221;center&#8221; background_layout=&#8221;dark&#8221; allow_player_pause=&#8221;off&#8221; text_border_radius=&#8221;3&#8243; header_font_select=&#8221;default&#8221; header_font=&#8221;||||&#8221; body_font_select=&#8221;default&#8221; body_font=&#8221;||||&#8221; custom_button=&#8221;off&#8221; button_font_select=&#8221;default&#8221; button_font=&#8221;||||&#8221; button_use_icon=&#8221;default&#8221; button_icon_placement=&#8221;right&#8221; button_on_hover=&#8221;on&#8221; heading=&#8221;Kompleksowa obs\u0142uga<br \/> budowy i remontu dachu&#8221; bg_overlay_color=&#8221;rgba(0,0,0,0.48)&#8221;]<\/p>\n<p>[\/et_pb_slide][et_pb_slide background_image=&#8221;https:\/\/dachysosnowski.pl\/wp-content\/uploads\/2016\/05\/3.jpg&#8221; background_position=&#8221;default&#8221; background_size=&#8221;default&#8221; background_color=&#8221;#ffffff&#8221; use_bg_overlay=&#8221;on&#8221; use_text_overlay=&#8221;off&#8221; alignment=&#8221;center&#8221; background_layout=&#8221;dark&#8221; allow_player_pause=&#8221;off&#8221; text_border_radius=&#8221;3&#8243; header_font_select=&#8221;default&#8221; header_font=&#8221;||||&#8221; body_font_select=&#8221;default&#8221; body_font=&#8221;||||&#8221; custom_button=&#8221;off&#8221; button_font_select=&#8221;default&#8221; button_font=&#8221;||||&#8221; button_use_icon=&#8221;default&#8221; button_icon_placement=&#8221;right&#8221; button_on_hover=&#8221;on&#8221; heading=&#8221;Kompleksowa obs\u0142uga<br \/> budowy i remontu dachu&#8221; bg_overlay_color=&#8221;rgba(0,0,0,0.48)&#8221;]<\/p>\n<p>[\/et_pb_slide]<\/p>\n<p>[\/et_pb_fullwidth_slider][\/et_pb_section][et_pb_section admin_label=&#8221;Sekcja&#8221; fullwidth=&#8221;off&#8221; specialty=&#8221;off&#8221;][et_pb_row admin_label=&#8221;Wiersz&#8221;][et_pb_column type=&#8221;4_4&#8243;][et_pb_text admin_label=&#8221;Tekst&#8221; background_layout=&#8221;light&#8221; text_orientation=&#8221;left&#8221; use_border_color=&#8221;off&#8221; border_color=&#8221;#ffffff&#8221; border_style=&#8221;solid&#8221;]<\/p>\n<p align=\"center\"><b>Zapewniamy szybk\u0105 i bezp\u0142atn\u0105 kalkulacj\u0119 koszt\u00f3w a tak\u017ce transport w\u0142asnymi \u015brodkami na terenie wojew\u00f3dztwa dolno\u015bl\u0105skiego, a przede wszystkim powiatu k\u0142odzkiego.<\/b><\/p>\n<p align=\"center\"><b>Nasze materia\u0142y dostarczamy tak\u017ce na terenie ca\u0142ego kraju za po\u015brednictwem firmy spedycyjnej.<\/b><\/p>\n<p align=\"center\"><b>Gwarantujemy rewelacyjne ceny!<br \/>\n<\/b><b>Zapraszamy Pa\u0144stwa do sk\u0142adania zapyta\u0144 i zam\u00f3wie\u0144!<\/b><\/p>\n<p>[\/et_pb_text][\/et_pb_column][\/et_pb_row][et_pb_row admin_label=&#8221;Wiersz&#8221;][et_pb_column type=&#8221;4_4&#8243;][et_pb_text admin_label=&#8221;Tekst&#8221; background_layout=&#8221;light&#8221; text_orientation=&#8221;left&#8221; use_border_color=&#8221;off&#8221; border_color=&#8221;#ffffff&#8221; border_style=&#8221;solid&#8221;]<\/p>\n<h4><strong>SYSTEMY RYNNOWE<\/strong><\/h4>\n<ul>\n<li>SYSTEM RYNNOWY OCYNKOWANY<br \/>\nSystemy rynnowe OCYNKOWANE wykonane s\u0105 z blachy o grubo\u015bci 0,5 mm oraz 0,7 mm. Jest to tradycyjny system orynnowania w Polsce stosowany przez dekarzy od wielu lat. Jest to najbardziej popularny i najta\u0144szy system rynnowy. Ich trwa\u0142o\u015b\u0107 szacuje si\u0119 na okres 10- 15 lat.<\/li>\n<\/ul>\n<p>&nbsp;<\/p>\n<ul>\n<li>SYSTEM RYNNOWY TYTANOWO- CYNKOWY<br \/>\nSystemy rynnowe TYTANOWO-CYNKOWE charakteryzuj\u0105 si\u0119 wysok\u0105 jako\u015bci\u0105 i trwa\u0142o\u015bci\u0105. Tytan cynk jest jednym z najbardziej twardych stop\u00f3w. Tytan cynk to stop cynku, tytanu i miedzi. \u017bywotno\u015b\u0107 tytan \u2013 cynku jest kilkakrotnie wi\u0119ksza ni\u017c z materia\u0142\u00f3w ocynkowanych. Jest to stop bardzo wysokiej jako\u015bci. Szacowana trwa\u0142o\u015b\u0107 element\u00f3w systemu rynnowego tytanowo \u2013 cynkowego to 30-60 lat.<\/li>\n<\/ul>\n<p>&nbsp;<\/p>\n<ul>\n<li>SYSTEM RYNNOWY MIEDZIANY<br \/>\nSystemy rynnowe MIEDZIANE \u2013 mied\u017a jest najszlachetniejsza, najwy\u017cszej jako\u015bci oraz trwa\u0142o\u015bci stosowana do produkcji system\u00f3w rynnowych. Materia\u0142 ten cieszy si\u0119 najd\u0142u\u017csz\u0105 tradycj\u0105 stosowania do odbioru wody z dachu. Obecnie bardzo ceniona przez klient\u00f3w, ze wzgl\u0119du na du\u017c\u0105 \u017cywotno\u015b\u0107. Nie ma konieczno\u015bci odnawiania pow\u0142oki ochronnej, poniewa\u017c tworzy si\u0119 naturalna, samo odnawialna warstwa chroni\u0105ca \u2013 patyna. Szacowana trwa\u0142o\u015b\u0107 element\u00f3w systemu rynnowego miedzianego to nawet 200 lat.<\/li>\n<\/ul>\n<p>&nbsp;<\/p>\n<ul>\n<li>SYSTEM RYNNOWY POWLEKANY<br \/>\nSystem rynnowe POWLEKANE wykonane z najwy\u017cszej jako\u015bci stali powlekanej, cechuje si\u0119 wysok\u0105 trwa\u0142o\u015bci\u0105 . U\u017cyto 4 warstwy ochronne , kt\u00f3re zabezpieczaj\u0105 rynny przed czynnikami atmosferycznymi. Blacha dwustronnie cynkowana, pasowana oraz pokryta ochronn\u0105 i elastyczn\u0105 pow\u0142ok\u0105 organiczn\u0105. Jej trwa\u0142o\u015b\u0107 szacuje si\u0119 oko\u0142o 25 lat.<\/li>\n<\/ul>\n<p>[\/et_pb_text][\/et_pb_column][\/et_pb_row][\/et_pb_section][et_pb_section admin_label=&#8221;Sekcja&#8221; fullwidth=&#8221;off&#8221; specialty=&#8221;off&#8221; transparent_background=&#8221;off&#8221; allow_player_pause=&#8221;off&#8221; inner_shadow=&#8221;off&#8221; parallax=&#8221;off&#8221; parallax_method=&#8221;off&#8221; padding_mobile=&#8221;off&#8221; make_fullwidth=&#8221;off&#8221; use_custom_width=&#8221;off&#8221; width_unit=&#8221;on&#8221; make_equal=&#8221;off&#8221; use_custom_gutter=&#8221;off&#8221;][et_pb_row admin_label=&#8221;Wiersz&#8221;][et_pb_column type=&#8221;4_4&#8243;][et_pb_text admin_label=&#8221;Tekst&#8221; background_layout=&#8221;light&#8221; text_orientation=&#8221;left&#8221; use_border_color=&#8221;off&#8221; border_color=&#8221;#ffffff&#8221; border_style=&#8221;solid&#8221;]<\/p>\n<p><iframe loading=\"lazy\" style=\"border: 0;\" src=\"https:\/\/www.google.com\/maps\/embed?pb=!1m18!1m12!1m3!1d2543.4611307988075!2d16.51799881572938!3d50.39524317946779!2m3!1f0!2f0!3f0!3m2!1i1024!2i768!4f13.1!3m3!1m2!1s0x470e13be463bcac5%3A0xa2c8bdab7f61c0fc!2sStachury+4%2C+57-320+Polanica-Zdr%C3%B3j!5e0!3m2!1spl!2spl!4v1470652416082\" width=\"1024\" height=\"446\" frameborder=\"0\" allowfullscreen=\"allowfullscreen\"><\/iframe><\/p>\n<p>[\/et_pb_text][\/et_pb_column][\/et_pb_row][\/et_pb_section]<\/p>\n","protected":false},"excerpt":{"rendered":"<p>Zapewniamy szybk\u0105 i bezp\u0142atn\u0105 kalkulacj\u0119 koszt\u00f3w a tak\u017ce transport w\u0142asnymi \u015brodkami na terenie wojew\u00f3dztwa dolno\u015bl\u0105skiego, a przede wszystkim powiatu k\u0142odzkiego. Nasze materia\u0142y dostarczamy tak\u017ce na terenie ca\u0142ego kraju za po\u015brednictwem firmy spedycyjnej. Gwarantujemy rewelacyjne ceny! Zapraszamy Pa\u0144stwa do sk\u0142adania zapyta\u0144 i zam\u00f3wie\u0144! SYSTEMY RYNNOWE SYSTEM RYNNOWY OCYNKOWANY Systemy rynnowe OCYNKOWANE wykonane s\u0105 z blachy o [&hellip;]<\/p>\n","protected":false},"author":1,"featured_media":0,"parent":0,"menu_order":0,"comment_status":"closed","ping_status":"closed","template":"","meta":{"_et_pb_use_builder":"on","_et_pb_old_content":"","_et_gb_content_width":"","footnotes":""},"class_list":["post-6","page","type-page","status-publish","hentry"],"_links":{"self":[{"href":"https:\/\/dachysosnowski.pl\/index.php\/wp-json\/wp\/v2\/pages\/6","targetHints":{"allow":["GET"]}}],"collection":[{"href":"https:\/\/dachysosnowski.pl\/index.php\/wp-json\/wp\/v2\/pages"}],"about":[{"href":"https:\/\/dachysosnowski.pl\/index.php\/wp-json\/wp\/v2\/types\/page"}],"author":[{"embeddable":true,"href":"https:\/\/dachysosnowski.pl\/index.php\/wp-json\/wp\/v2\/users\/1"}],"replies":[{"embeddable":true,"href":"https:\/\/dachysosnowski.pl\/index.php\/wp-json\/wp\/v2\/comments?post=6"}],"version-history":[{"count":0,"href":"https:\/\/dachysosnowski.pl\/index.php\/wp-json\/wp\/v2\/pages\/6\/revisions"}],"wp:attachment":[{"href":"https:\/\/dachysosnowski.pl\/index.php\/wp-json\/wp\/v2\/media?parent=6"}],"curies":[{"name":"wp","href":"https:\/\/api.w.org\/{rel}","templated":true}]}}