{"id":7,"date":"2016-05-27T12:37:41","date_gmt":"2016-05-27T10:37:41","guid":{"rendered":"https:\/\/dachysosnowski.pl\/index.php\/nasze-uslugi\/"},"modified":"2016-08-08T12:37:21","modified_gmt":"2016-08-08T10:37:21","slug":"nasze-uslugi","status":"publish","type":"page","link":"https:\/\/dachysosnowski.pl\/index.php\/nasze-uslugi\/","title":{"rendered":"Us\u0142ugi"},"content":{"rendered":"<p>[et_pb_section admin_label=&#8221;section&#8221; global_module=&#8221;101&#8243; fullwidth=&#8221;on&#8221; specialty=&#8221;off&#8221; transparent_background=&#8221;off&#8221; allow_player_pause=&#8221;off&#8221; inner_shadow=&#8221;off&#8221; parallax=&#8221;off&#8221; parallax_method=&#8221;off&#8221; padding_mobile=&#8221;off&#8221; make_fullwidth=&#8221;off&#8221; use_custom_width=&#8221;off&#8221; width_unit=&#8221;on&#8221; make_equal=&#8221;off&#8221; use_custom_gutter=&#8221;off&#8221;][et_pb_fullwidth_slider global_parent=&#8221;101&#8243; admin_label=&#8221;Fullwidth Slider&#8221; show_arrows=&#8221;on&#8221; show_pagination=&#8221;on&#8221; auto=&#8221;on&#8221; parallax=&#8221;off&#8221; auto_ignore_hover=&#8221;off&#8221; parallax_method=&#8221;off&#8221; remove_inner_shadow=&#8221;off&#8221; background_position=&#8221;default&#8221; background_size=&#8221;default&#8221; hide_content_on_mobile=&#8221;off&#8221; hide_cta_on_mobile=&#8221;off&#8221; show_image_video_mobile=&#8221;off&#8221; custom_button=&#8221;off&#8221; button_use_icon=&#8221;default&#8221; button_icon_placement=&#8221;right&#8221; button_on_hover=&#8221;on&#8221; button_letter_spacing_hover=&#8221;0&#8243; auto_speed=&#8221;3500&#8243; button_letter_spacing=&#8221;0&#8243; header_font=&#8221;Comfortaa||||&#8221; header_font_size=&#8221;35&#8243;]<\/p>\n<p>[et_pb_slide background_image=&#8221;https:\/\/dachysosnowski.pl\/wp-content\/uploads\/2016\/05\/cottage-768889_1920.jpg&#8221; background_position=&#8221;default&#8221; background_size=&#8221;default&#8221; background_color=&#8221;#ffffff&#8221; use_bg_overlay=&#8221;on&#8221; use_text_overlay=&#8221;off&#8221; alignment=&#8221;center&#8221; background_layout=&#8221;dark&#8221; allow_player_pause=&#8221;off&#8221; text_border_radius=&#8221;3&#8243; header_font_select=&#8221;default&#8221; header_font=&#8221;||||&#8221; body_font_select=&#8221;default&#8221; body_font=&#8221;||||&#8221; custom_button=&#8221;off&#8221; button_font_select=&#8221;default&#8221; button_font=&#8221;||||&#8221; button_use_icon=&#8221;default&#8221; button_icon_placement=&#8221;right&#8221; button_on_hover=&#8221;on&#8221; heading=&#8221;Kompleksowa obs\u0142uga<br \/> budowy i remontu dachu&#8221; bg_overlay_color=&#8221;rgba(0,0,0,0.48)&#8221;]<\/p>\n<p>[\/et_pb_slide][et_pb_slide background_image=&#8221;https:\/\/dachysosnowski.pl\/wp-content\/uploads\/2016\/05\/1.jpg&#8221; background_position=&#8221;default&#8221; background_size=&#8221;default&#8221; background_color=&#8221;#ffffff&#8221; use_bg_overlay=&#8221;on&#8221; use_text_overlay=&#8221;off&#8221; alignment=&#8221;center&#8221; background_layout=&#8221;dark&#8221; allow_player_pause=&#8221;off&#8221; text_border_radius=&#8221;3&#8243; header_font_select=&#8221;default&#8221; header_font=&#8221;||||&#8221; body_font_select=&#8221;default&#8221; body_font=&#8221;||||&#8221; custom_button=&#8221;off&#8221; button_font_select=&#8221;default&#8221; button_font=&#8221;||||&#8221; button_use_icon=&#8221;default&#8221; button_icon_placement=&#8221;right&#8221; button_on_hover=&#8221;on&#8221; heading=&#8221;Kompleksowa obs\u0142uga<br \/> budowy i remontu dachu&#8221; bg_overlay_color=&#8221;rgba(0,0,0,0.48)&#8221;]<\/p>\n<p>[\/et_pb_slide][et_pb_slide background_image=&#8221;https:\/\/dachysosnowski.pl\/wp-content\/uploads\/2016\/05\/5.jpg&#8221; background_position=&#8221;default&#8221; background_size=&#8221;default&#8221; background_color=&#8221;#ffffff&#8221; use_bg_overlay=&#8221;on&#8221; use_text_overlay=&#8221;off&#8221; alignment=&#8221;center&#8221; background_layout=&#8221;dark&#8221; allow_player_pause=&#8221;off&#8221; text_border_radius=&#8221;3&#8243; header_font_select=&#8221;default&#8221; header_font=&#8221;||||&#8221; body_font_select=&#8221;default&#8221; body_font=&#8221;||||&#8221; custom_button=&#8221;off&#8221; button_font_select=&#8221;default&#8221; button_font=&#8221;||||&#8221; button_use_icon=&#8221;default&#8221; button_icon_placement=&#8221;right&#8221; button_on_hover=&#8221;on&#8221; heading=&#8221;Kompleksowa obs\u0142uga<br \/> budowy i remontu dachu&#8221; bg_overlay_color=&#8221;rgba(0,0,0,0.48)&#8221;]<\/p>\n<p>[\/et_pb_slide][et_pb_slide background_image=&#8221;https:\/\/dachysosnowski.pl\/wp-content\/uploads\/2016\/05\/3.jpg&#8221; background_position=&#8221;default&#8221; background_size=&#8221;default&#8221; background_color=&#8221;#ffffff&#8221; use_bg_overlay=&#8221;on&#8221; use_text_overlay=&#8221;off&#8221; alignment=&#8221;center&#8221; background_layout=&#8221;dark&#8221; allow_player_pause=&#8221;off&#8221; text_border_radius=&#8221;3&#8243; header_font_select=&#8221;default&#8221; header_font=&#8221;||||&#8221; body_font_select=&#8221;default&#8221; body_font=&#8221;||||&#8221; custom_button=&#8221;off&#8221; button_font_select=&#8221;default&#8221; button_font=&#8221;||||&#8221; button_use_icon=&#8221;default&#8221; button_icon_placement=&#8221;right&#8221; button_on_hover=&#8221;on&#8221; heading=&#8221;Kompleksowa obs\u0142uga<br \/> budowy i remontu dachu&#8221; bg_overlay_color=&#8221;rgba(0,0,0,0.48)&#8221;]<\/p>\n<p>[\/et_pb_slide]<\/p>\n<p>[\/et_pb_fullwidth_slider][\/et_pb_section][et_pb_section admin_label=&#8221;Sekcja&#8221; fullwidth=&#8221;off&#8221; specialty=&#8221;off&#8221;][et_pb_row admin_label=&#8221;Wiersz&#8221;][et_pb_column type=&#8221;4_4&#8243;][et_pb_text admin_label=&#8221;Tekst&#8221; background_layout=&#8221;light&#8221; text_orientation=&#8221;left&#8221; use_border_color=&#8221;off&#8221; border_color=&#8221;#ffffff&#8221; border_style=&#8221;solid&#8221;]<\/p>\n<h3>Oferujemy us\u0142ugi w zakresie:<\/h3>\n<p>&nbsp;<\/p>\n<ul>\n<li><strong>przegl\u0105d\u00f3w okresowych budynk\u00f3w<\/strong><\/li>\n<li><strong>kosztorys\u00f3w budowlanych<\/strong><\/li>\n<li><strong>doradztwa technicznego<\/strong><\/li>\n<li><strong>projekt\u00f3w indywidualnych budynk\u00f3w mieszkalnych, gospodarczych i us\u0142ugowych<\/strong><\/li>\n<li><strong>adaptacji projekt\u00f3w budowlanych<\/strong><\/li>\n<li><strong>inwentaryzacji obiekt\u00f3w budowlanych, nadbudowy, przebudowy i rozbudowy istniej\u0105cych budynk\u00f3w<\/strong><\/li>\n<\/ul>\n<p>[\/et_pb_text][\/et_pb_column][\/et_pb_row][\/et_pb_section][et_pb_section admin_label=&#8221;Sekcja&#8221; fullwidth=&#8221;off&#8221; specialty=&#8221;off&#8221; transparent_background=&#8221;off&#8221; allow_player_pause=&#8221;off&#8221; inner_shadow=&#8221;off&#8221; parallax=&#8221;off&#8221; parallax_method=&#8221;off&#8221; padding_mobile=&#8221;off&#8221; make_fullwidth=&#8221;off&#8221; use_custom_width=&#8221;off&#8221; width_unit=&#8221;on&#8221; make_equal=&#8221;off&#8221; use_custom_gutter=&#8221;off&#8221;][et_pb_row admin_label=&#8221;Wiersz&#8221;][et_pb_column type=&#8221;4_4&#8243;][et_pb_text admin_label=&#8221;Tekst&#8221; background_layout=&#8221;light&#8221; text_orientation=&#8221;left&#8221; use_border_color=&#8221;off&#8221; border_color=&#8221;#ffffff&#8221; border_style=&#8221;solid&#8221;]<\/p>\n<p><iframe loading=\"lazy\" style=\"border: 0;\" src=\"https:\/\/www.google.com\/maps\/embed?pb=!1m18!1m12!1m3!1d2543.4611307988075!2d16.51799881572938!3d50.39524317946779!2m3!1f0!2f0!3f0!3m2!1i1024!2i768!4f13.1!3m3!1m2!1s0x470e13be463bcac5%3A0xa2c8bdab7f61c0fc!2sStachury+4%2C+57-320+Polanica-Zdr%C3%B3j!5e0!3m2!1spl!2spl!4v1470652416082\" width=\"1024\" height=\"446\" frameborder=\"0\" allowfullscreen=\"allowfullscreen\"><\/iframe><\/p>\n<p>[\/et_pb_text][\/et_pb_column][\/et_pb_row][\/et_pb_section]<\/p>\n","protected":false},"excerpt":{"rendered":"<p>Oferujemy us\u0142ugi w zakresie: &nbsp; przegl\u0105d\u00f3w okresowych budynk\u00f3w kosztorys\u00f3w budowlanych doradztwa technicznego projekt\u00f3w indywidualnych budynk\u00f3w mieszkalnych, gospodarczych i us\u0142ugowych adaptacji projekt\u00f3w budowlanych inwentaryzacji obiekt\u00f3w budowlanych, nadbudowy, przebudowy i rozbudowy istniej\u0105cych budynk\u00f3w<\/p>\n","protected":false},"author":1,"featured_media":0,"parent":0,"menu_order":0,"comment_status":"closed","ping_status":"closed","template":"","meta":{"_et_pb_use_builder":"on","_et_pb_old_content":"","_et_gb_content_width":"","footnotes":""},"class_list":["post-7","page","type-page","status-publish","hentry"],"_links":{"self":[{"href":"https:\/\/dachysosnowski.pl\/index.php\/wp-json\/wp\/v2\/pages\/7","targetHints":{"allow":["GET"]}}],"collection":[{"href":"https:\/\/dachysosnowski.pl\/index.php\/wp-json\/wp\/v2\/pages"}],"about":[{"href":"https:\/\/dachysosnowski.pl\/index.php\/wp-json\/wp\/v2\/types\/page"}],"author":[{"embeddable":true,"href":"https:\/\/dachysosnowski.pl\/index.php\/wp-json\/wp\/v2\/users\/1"}],"replies":[{"embeddable":true,"href":"https:\/\/dachysosnowski.pl\/index.php\/wp-json\/wp\/v2\/comments?post=7"}],"version-history":[{"count":0,"href":"https:\/\/dachysosnowski.pl\/index.php\/wp-json\/wp\/v2\/pages\/7\/revisions"}],"wp:attachment":[{"href":"https:\/\/dachysosnowski.pl\/index.php\/wp-json\/wp\/v2\/media?parent=7"}],"curies":[{"name":"wp","href":"https:\/\/api.w.org\/{rel}","templated":true}]}}